{"id":448,"date":"2020-02-13T22:56:56","date_gmt":"2020-02-13T22:56:56","guid":{"rendered":"http:\/\/www.canaverasymurillo.com\/?page_id=448"},"modified":"2020-03-05T22:50:15","modified_gmt":"2020-03-05T22:50:15","slug":"servicio-mantenimiento","status":"publish","type":"page","link":"https:\/\/www.canaverasymurillo.com\/?page_id=448","title":{"rendered":"SERVICIO MANTENIMIENTO"},"content":{"rendered":"<h1><span style=\"color: #333399;\"><strong>MANTENIMIENTO<\/strong><\/span><\/h1>\n<p><img loading=\"lazy\" decoding=\"async\" class=\"alignnone  wp-image-258\" src=\"http:\/\/www.canaverasymurillo.com\/wp-content\/uploads\/2020\/02\/servicio-mantenimiento2-e1581633781472.jpg\" alt=\"\" width=\"361\" height=\"234\"><\/p>\n<p>Siga las indicaciones que tiene en el libro de mantenimiento de su vehiculo.<\/p>\n<p>En CA\u00d1AVERASYMURILLO Le aconsejamos si su coche tiene mas de 4 a\u00f1os,una vez al a\u00f1o<\/p>\n<ul>\n<li>Cambio de aceite del motor y los filtros que conrrespondan.<\/li>\n<li>Revisar frenos<\/li>\n<li>Revisar neumaticos<\/li>\n<\/ul>\n","protected":false},"excerpt":{"rendered":"<p>MANTENIMIENTO Siga las indicaciones que tiene en el libro de mantenimiento de su vehiculo. En CA\u00d1AVERASYMURILLO Le aconsejamos si su coche tiene mas de 4&hellip;<\/p>\n","protected":false},"author":1,"featured_media":0,"parent":0,"menu_order":0,"comment_status":"closed","ping_status":"closed","template":"","meta":{"footnotes":""},"class_list":["post-448","page","type-page","status-publish","hentry"],"_links":{"self":[{"href":"https:\/\/www.canaverasymurillo.com\/index.php?rest_route=\/wp\/v2\/pages\/448","targetHints":{"allow":["GET"]}}],"collection":[{"href":"https:\/\/www.canaverasymurillo.com\/index.php?rest_route=\/wp\/v2\/pages"}],"about":[{"href":"https:\/\/www.canaverasymurillo.com\/index.php?rest_route=\/wp\/v2\/types\/page"}],"author":[{"embeddable":true,"href":"https:\/\/www.canaverasymurillo.com\/index.php?rest_route=\/wp\/v2\/users\/1"}],"replies":[{"embeddable":true,"href":"https:\/\/www.canaverasymurillo.com\/index.php?rest_route=%2Fwp%2Fv2%2Fcomments&post=448"}],"version-history":[{"count":3,"href":"https:\/\/www.canaverasymurillo.com\/index.php?rest_route=\/wp\/v2\/pages\/448\/revisions"}],"predecessor-version":[{"id":627,"href":"https:\/\/www.canaverasymurillo.com\/index.php?rest_route=\/wp\/v2\/pages\/448\/revisions\/627"}],"wp:attachment":[{"href":"https:\/\/www.canaverasymurillo.com\/index.php?rest_route=%2Fwp%2Fv2%2Fmedia&parent=448"}],"curies":[{"name":"wp","href":"https:\/\/api.w.org\/{rel}","templated":true}]}}